{"id":28,"date":"2016-06-23T09:41:42","date_gmt":"2016-06-23T07:41:42","guid":{"rendered":"http:\/\/superherois.cat\/pagina-de-inicio\/"},"modified":"2021-09-02T12:51:59","modified_gmt":"2021-09-02T10:51:59","slug":"pagina-de-inicio","status":"publish","type":"page","link":"https:\/\/superherois.cat\/en\/","title":{"rendered":"Inici"},"content":{"rendered":"<div id=\"pl-28\"  class=\"panel-layout\" ><div id=\"pg-28-0\"  class=\"panel-grid panel-has-style\" ><div class=\"panel-row-style panel-row-style-for-28-0\" ><div id=\"pgc-28-0-0\"  class=\"panel-grid-cell\" ><div id=\"panel-28-0-0-0\" class=\"so-panel widget widget_sow-features panel-first-child panel-last-child\" data-index=\"0\" ><div class=\"so-widget-sow-features so-widget-sow-features-default-aa5cec4330c9-28\">\n<div class=\"sow-features-list sow-features-responsive\">\n\n\t\t\t\n\t\t\t<div class=\"sow-features-feature sow-icon-container-position-top \" style=\"width: 33.333%\">\n\n\t\t\t\t\t\t\t\t<div\n\t\t\t\t\tclass=\"sow-icon-container sow-container-round\"\n                    style=\"color: ; \"\n\t\t\t\t\t>\n\t\t\t\t\t<span class=\"sow-icon-fontawesome sow-fas\" data-sow-icon=\"&#xf0c0;\"\n\t\tstyle=\"font-size: 28px; color: #ffffff\" ><\/span>\t\t\t\t<\/div>\n\t\t\t\t\n\t\t\t\t<div class=\"textwidget\">\n\t\t\t\t\t\t\t\t\t\t\t<h5>\n\t\t\t\t\t\t\t\t\t\t\t\t\t\tTrastorn de l'Espectre Autista\t\t\t\t\t\t\t\t\t\t\t\t\t<\/h5>\n\t\t\t\t\t\n\t\t\t\t\t\t\t\t\t\t\tEls nens i nenes diagnosticats amb aquests trastorns mostren dificultats en el seu desenvolupament, tant en la capacitat de relacionar-se com en les possibilitats de comunicaci\u00f3 tenint en compte la seva edat cronol\u00f2gica; mostren, a m\u00e9s a m\u00e9s, una s\u00e8rie d'interessos i jocs particulars amb unes caracter\u00edstiques que en diem \"sensorials\" i d'esc\u00e0s contingut simb\u00f2lic.\t\t\t\t\t\n\t\t\t\t\t\t\t\t\t\t\t<p class=\"sow-more-text\">\n\t\t\t\t\t\t\t<a href=\"https:\/\/www.scribd.com\/document\/320499930\/Guia-Padres-Sobre-TEA#download&#038;from_embed\" target=\"_blank\" rel=\"noopener noreferrer\">\t\t\t\t\t\t\tSaber-ne m\u00e9s\t\t\t\t\t\t\t<\/a>\t\t\t\t\t\t<\/p>\n\t\t\t\t\t\t\t\t\t<\/div>\n\t\t\t<\/div>\n\n\t\t\n\t\t\t<div class=\"sow-features-feature sow-icon-container-position-top \" style=\"width: 33.333%\">\n\n\t\t\t\t\t\t\t\t<div\n\t\t\t\t\tclass=\"sow-icon-container sow-container-round\"\n                    style=\"color: ; \"\n\t\t\t\t\t>\n\t\t\t\t\t<span class=\"sow-icon-fontawesome sow-far\" data-sow-icon=\"&#xf1ea;\"\n\t\tstyle=\"font-size: 28px; color: #ffffff\" ><\/span>\t\t\t\t<\/div>\n\t\t\t\t\n\t\t\t\t<div class=\"textwidget\">\n\t\t\t\t\t\t\t\t\t\t\t<h5>\n\t\t\t\t\t\t\t\t\t\t\t\t\t\tLiteratura Infantil\t\t\t\t\t\t\t\t\t\t\t\t\t<\/h5>\n\t\t\t\t\t\n\t\t\t\t\t\t\t\t\t\t\tVam fer una revisi\u00f3 actual dels contes infantils disponibles envers diverses tem\u00e0tiques (vam editar un PDF de 100 p\u00e0gs que ens podeu demanar a trav\u00e9s del formulari de contacte), i en aquells que versen sobre els TEA trobem que tracten sobre nens amb autisme. Hem tractat ens els nostres contes dues perspectives menys presents: la dels progenitors, i la de les nenes diagnosticades de TEA. I ho hem fet des d'una vessant po\u00e8tica i metaf\u00f2rica.\t\t\t\t\t\n\t\t\t\t\t\t\t\t\t\t\t<p class=\"sow-more-text\">\n\t\t\t\t\t\t\t<a href=\"https:\/\/www.octaedro.com\/es\/producto:Cos\/1\/aprender\/cuentos-infantiles\/ruben-y-los-superheroes\/1648\" target=\"_blank\" rel=\"noopener noreferrer\">\t\t\t\t\t\t\tSaber-ne m\u00e9s\t\t\t\t\t\t\t<\/a>\t\t\t\t\t\t<\/p>\n\t\t\t\t\t\t\t\t\t<\/div>\n\t\t\t<\/div>\n\n\t\t\n\t\t\t<div class=\"sow-features-feature sow-icon-container-position-top \" style=\"width: 33.333%\">\n\n\t\t\t\t\t\t\t\t<div\n\t\t\t\t\tclass=\"sow-icon-container sow-container-round\"\n                    style=\"color: ; \"\n\t\t\t\t\t>\n\t\t\t\t\t<span class=\"sow-icon-fontawesome sow-fab\" data-sow-icon=\"&#xf214;\"\n\t\tstyle=\"font-size: 28px; color: #ffffff\" ><\/span>\t\t\t\t<\/div>\n\t\t\t\t\n\t\t\t\t<div class=\"textwidget\">\n\t\t\t\t\t\t\t\t\t\t\t<h5>\n\t\t\t\t\t\t\t\t\t\t\t\t\t\tEines d'utilitat social\t\t\t\t\t\t\t\t\t\t\t\t\t<\/h5>\n\t\t\t\t\t\n\t\t\t\t\t\t\t\t\t\t\tFarem arribar aquestes eines als nostres destinataris reals: les fam\u00edlies. Pretenem oferir una perspectiva que apropi tothom als aspectes de l'experi\u00e8ncia que implica el fet de conviure amb familiars amb aquestes dificultats.\t\t\t\t\t\n\t\t\t\t\t\t\t\t\t\t\t<p class=\"sow-more-text\">\n\t\t\t\t\t\t\t<a href=\"http:\/\/www.acap.cat\/xarxa-assistencial\" target=\"_blank\" rel=\"noopener noreferrer\">\t\t\t\t\t\t\tSaber-ne m\u00e9s\t\t\t\t\t\t\t<\/a>\t\t\t\t\t\t<\/p>\n\t\t\t\t\t\t\t\t\t<\/div>\n\t\t\t<\/div>\n\n\t\t\n\t\t\t<div class=\"sow-features-feature sow-icon-container-position-top sow-features-feature-last-row\" style=\"width: 33.333%\">\n\n\t\t\t\t\t\t\t\t<div\n\t\t\t\t\tclass=\"sow-icon-container sow-container-round\"\n                    style=\"color: #404040; \"\n\t\t\t\t\t>\n\t\t\t\t\t<span class=\"sow-icon-fontawesome sow-fas\" data-sow-icon=\"&#xf360;\"\n\t\tstyle=\"font-size: 28px; color: #FFFFFF\" ><\/span>\t\t\t\t<\/div>\n\t\t\t\t\n\t\t\t\t<div class=\"textwidget\">\n\t\t\t\t\t\t\t\t\t\t\t<h5>\n\t\t\t\t\t\t\t\t\t\t\t\t\t\tComunicaci\u00f3 i distribuci\u00f3\t\t\t\t\t\t\t\t\t\t\t\t\t<\/h5>\n\t\t\t\t\t\n\t\t\t\t\t\t\t\t\t\t\tHem impr\u00e8s i publicat els dos contes a trav\u00e9s de l'Editorial Octaedro, i els farem arribar a les fam\u00edlies i als centres especialitzats que treballen amb aquests nens i nenes (CDIAPs, CSMIJs, CEEs i teixit d'associacions).\t\t\t\t\t\n\t\t\t\t\t\t\t\t\t\t\t<p class=\"sow-more-text\">\n\t\t\t\t\t\t\t<a href=\"https:\/\/superherois.cat\/en\/centres\/\" target=\"_blank\" rel=\"noopener noreferrer\">\t\t\t\t\t\t\tSaber-ne m\u00e9s\t\t\t\t\t\t\t<\/a>\t\t\t\t\t\t<\/p>\n\t\t\t\t\t\t\t\t\t<\/div>\n\t\t\t<\/div>\n\n\t\t\n\t\t\t<div class=\"sow-features-feature sow-icon-container-position-top sow-features-feature-last-row\" style=\"width: 33.333%\">\n\n\t\t\t\t\t\t\t\t<div\n\t\t\t\t\tclass=\"sow-icon-container sow-container-round\"\n                    style=\"color: #404040; \"\n\t\t\t\t\t>\n\t\t\t\t\t<span class=\"sow-icon-fontawesome sow-fab\" data-sow-icon=\"&#xf1e9;\"\n\t\tstyle=\"font-size: 28px; color: #FFFFFF\" ><\/span>\t\t\t\t<\/div>\n\t\t\t\t\n\t\t\t\t<div class=\"textwidget\">\n\t\t\t\t\t\t\t\t\t\t\t<h5>\n\t\t\t\t\t\t\t\t\t\t\t\t\t\tCol\u00b7laboraci\u00f3 i crowdfunding\t\t\t\t\t\t\t\t\t\t\t\t\t<\/h5>\n\t\t\t\t\t\n\t\t\t\t\t\t\t\t\t\t\tAmb la vostra aportaci\u00f3 heu fet possible aquesta exitosa aventura! Ens en sentim profundament agra\u00efts i orgullosos. Moltes gr\u00e0cies a tots i totes.\t\t\t\t\t\n\t\t\t\t\t\t\t\t\t\t\t<p class=\"sow-more-text\">\n\t\t\t\t\t\t\t<a href=\"https:\/\/www.goteo.org\/project\/superherois\" target=\"_blank\" rel=\"noopener noreferrer\">\t\t\t\t\t\t\tSaber-ne m\u00e9s\t\t\t\t\t\t\t<\/a>\t\t\t\t\t\t<\/p>\n\t\t\t\t\t\t\t\t\t<\/div>\n\t\t\t<\/div>\n\n\t\t\n\t\t\t<div class=\"sow-features-feature sow-icon-container-position-top sow-features-feature-last-row\" style=\"width: 33.333%\">\n\n\t\t\t\t\t\t\t\t<div\n\t\t\t\t\tclass=\"sow-icon-container sow-container-round\"\n                    style=\"color: #404040; \"\n\t\t\t\t\t>\n\t\t\t\t\t<span class=\"sow-icon-fontawesome sow-fas\" data-sow-icon=\"&#xf008;\"\n\t\tstyle=\"font-size: 28px; color: #FFFFFF\" ><\/span>\t\t\t\t<\/div>\n\t\t\t\t\n\t\t\t\t<div class=\"textwidget\">\n\t\t\t\t\t\t\t\t\t\t\t<h5>\n\t\t\t\t\t\t\t\t\t\t\t\t\t\tDocumental\t\t\t\t\t\t\t\t\t\t\t\t\t<\/h5>\n\t\t\t\t\t\n\t\t\t\t\t\t\t\t\t\t\tEn una segona fase, pretendrem donar veu als protagonistes reals d'aquestes hist\u00f2ries: voldr\u00edem preparar un curt documental on entrevistarem a diversos progenitors de nois i noies diagnosticats com a  TEA, perqu\u00e8 ens puguin explicar les seves experi\u00e8ncies. Us deixem el link d'un preci\u00f3s documental semblant i que ens serveix d'inspiraci\u00f3:\t\t\t\t\t\n\t\t\t\t\t\t\t\t\t\t\t<p class=\"sow-more-text\">\n\t\t\t\t\t\t\t<a href=\"https:\/\/www.youtube.com\/watch?v=cHPtl9azifQ&#038;t=703s\" target=\"_blank\" rel=\"noopener noreferrer\">\t\t\t\t\t\t\tSaber-ne m\u00e9s\t\t\t\t\t\t\t<\/a>\t\t\t\t\t\t<\/p>\n\t\t\t\t\t\t\t\t\t<\/div>\n\t\t\t<\/div>\n\n\t\t\t\n<\/div>\n<\/div><\/div><\/div><\/div><\/div><div id=\"pg-28-1\"  class=\"panel-grid panel-has-style\" ><div class=\"siteorigin-panels-stretch panel-row-style panel-row-style-for-28-1\" data-stretch-type=\"full\" ><div id=\"pgc-28-1-0\"  class=\"panel-grid-cell\" ><div id=\"panel-28-1-0-0\" class=\"so-panel widget widget_black-studio-tinymce widget_black_studio_tinymce panel-first-child panel-last-child\" data-index=\"1\" ><div class=\"textwidget\"><h1 style=\"text-align: center;\">www.superherois.cat<\/h1>\n<hr style=\"max-width: 400px;\" \/>\n<h5 style=\"font-weight: normal; text-align: center;\">Un projecte\u00a0per apropar-nos als Trastorns de l'Espectre Autista<\/h5>\n<p>\u00a0<\/p>\n<p><script>\/\/ <![CDATA[\n  (function(i,s,o,g,r,a,m){i['GoogleAnalyticsObject']=r;i[r]=i[r]||function(){\n  (i[r].q=i[r].q||[]).push(arguments)},i[r].l=1*new Date();a=s.createElement(o),\n  m=s.getElementsByTagName(o)[0];a.async=1;a.src=g;m.parentNode.insertBefore(a,m)\n  })(window,document,'script','https:\/\/www.google-analytics.com\/analytics.js','ga');\n\n  ga('create', 'UA-90002971-1', 'auto');\n  ga('send', 'pageview');\n\/\/ ]]><\/script><\/p>\n<\/div><\/div><\/div><\/div><\/div><div id=\"pg-28-2\"  class=\"panel-grid panel-no-style\" ><div id=\"pgc-28-2-0\"  class=\"panel-grid-cell\" ><div id=\"panel-28-2-0-0\" class=\"so-panel widget widget_sow-post-carousel panel-first-child panel-last-child\" data-index=\"2\" ><div class=\"so-widget-sow-post-carousel so-widget-sow-post-carousel-default-de09ad96ef01-28\"><\/div><\/div><\/div><\/div><\/div>","protected":false},"excerpt":{"rendered":"<p>www.superherois.catUn projecte\u00a0per apropar-nos als Trastorns de l&#8217;Espectre Autista\u00a0<\/p>\n","protected":false},"author":1,"featured_media":0,"parent":0,"menu_order":0,"comment_status":"closed","ping_status":"closed","template":"home-panels.php","meta":[],"_links":{"self":[{"href":"https:\/\/superherois.cat\/en\/wp-json\/wp\/v2\/pages\/28"}],"collection":[{"href":"https:\/\/superherois.cat\/en\/wp-json\/wp\/v2\/pages"}],"about":[{"href":"https:\/\/superherois.cat\/en\/wp-json\/wp\/v2\/types\/page"}],"author":[{"embeddable":true,"href":"https:\/\/superherois.cat\/en\/wp-json\/wp\/v2\/users\/1"}],"replies":[{"embeddable":true,"href":"https:\/\/superherois.cat\/en\/wp-json\/wp\/v2\/comments?post=28"}],"version-history":[{"count":73,"href":"https:\/\/superherois.cat\/en\/wp-json\/wp\/v2\/pages\/28\/revisions"}],"predecessor-version":[{"id":1806,"href":"https:\/\/superherois.cat\/en\/wp-json\/wp\/v2\/pages\/28\/revisions\/1806"}],"wp:attachment":[{"href":"https:\/\/superherois.cat\/en\/wp-json\/wp\/v2\/media?parent=28"}],"curies":[{"name":"wp","href":"https:\/\/api.w.org\/{rel}","templated":true}]}}