{"id":372,"date":"2017-10-23T11:25:22","date_gmt":"2017-10-23T09:25:22","guid":{"rendered":"http:\/\/superherois.cat\/?page_id=372"},"modified":"2017-10-23T11:26:13","modified_gmt":"2017-10-23T09:26:13","slug":"centres","status":"publish","type":"page","link":"https:\/\/superherois.cat\/en\/centres\/","title":{"rendered":"Centres"},"content":{"rendered":"<p>En aquest apartat us deixarem la llista definitiva dels centres a on haurem fet arribar els nostres contes.<\/p>\n<p>A cadasc\u00fan d&#8217;aquests CDIAP, CSMIJ, CEE i Associacions, enviarem un exemplar de cada conte, en catal\u00e0, i acompanyats d&#8217;una breu explicaci\u00f3 del projecte.<\/p>\n<p>S\u00f3n un total de 286, i sumen la majoria sino la totalitat de centres de Catalunya que treballen amb autisme.<\/p>\n<p>&nbsp;<\/p>\n<p>&nbsp;<\/p>\n","protected":false},"excerpt":{"rendered":"<p>En aquest apartat us deixarem la llista definitiva dels centres a on haurem fet arribar els nostres contes. A cadasc\u00fan d&#8217;aquests CDIAP, CSMIJ, CEE i Associacions, enviarem un exemplar de cada conte, en catal\u00e0, i acompanyats d&#8217;una breu explicaci\u00f3 del projecte. S\u00f3n un total de 286, i sumen la majoria sino la totalitat de centres [&hellip;]<\/p>\n","protected":false},"author":1,"featured_media":0,"parent":0,"menu_order":7,"comment_status":"closed","ping_status":"closed","template":"","meta":[],"_links":{"self":[{"href":"https:\/\/superherois.cat\/en\/wp-json\/wp\/v2\/pages\/372"}],"collection":[{"href":"https:\/\/superherois.cat\/en\/wp-json\/wp\/v2\/pages"}],"about":[{"href":"https:\/\/superherois.cat\/en\/wp-json\/wp\/v2\/types\/page"}],"author":[{"embeddable":true,"href":"https:\/\/superherois.cat\/en\/wp-json\/wp\/v2\/users\/1"}],"replies":[{"embeddable":true,"href":"https:\/\/superherois.cat\/en\/wp-json\/wp\/v2\/comments?post=372"}],"version-history":[{"count":1,"href":"https:\/\/superherois.cat\/en\/wp-json\/wp\/v2\/pages\/372\/revisions"}],"predecessor-version":[{"id":374,"href":"https:\/\/superherois.cat\/en\/wp-json\/wp\/v2\/pages\/372\/revisions\/374"}],"wp:attachment":[{"href":"https:\/\/superherois.cat\/en\/wp-json\/wp\/v2\/media?parent=372"}],"curies":[{"name":"wp","href":"https:\/\/api.w.org\/{rel}","templated":true}]}}