{"id":9,"date":"2016-06-21T11:43:05","date_gmt":"2016-06-21T09:43:05","guid":{"rendered":"http:\/\/superherois.cat\/?page_id=9"},"modified":"2021-09-02T12:03:43","modified_gmt":"2021-09-02T10:03:43","slug":"equip","status":"publish","type":"page","link":"https:\/\/superherois.cat\/en\/equip\/","title":{"rendered":"Equip"},"content":{"rendered":"<p><!--?php include_once(\"analyticstracking.php\") ?--><br \/>\nEl projecte &#8220;Superherois&#8221; el vam iniciar\u00a0entre la Lourdes Rius i en Sergio Mart\u00edn. Som els organitzadors del projecte, els autors dels guions dels contes, els guionistes i entrevistadors del documental, els constructors de la web, els activadors de la iniciativa de crowdfunding, els encarregats de la distribuci\u00f3 i l&#8217;edici\u00f3 posterior, els captadors de col\u00b7laboradors i canals de comunicaci\u00f3, etc.<\/p>\n<p>En la cerca d&#8217;il\u00b7lustradors, vam aconseguir &#8220;fitxar&#8221; a l&#8217;Eduard Blanch i l&#8217;\u00d2scar Sarramia, que de seguida es van engrescar amb el projecte. Gr\u00e0cies a l&#8217;\u00d2scar, col\u00b7laboren amb nosaltres \u00a0cinc il\u00b7lustradors\/es que s\u00f3n alumnes seus:\u00a0l&#8217;Alicia Rodr\u00edguez, la Laura P\u00e9rez, la Marina Luque, la Raquel Galobart i en Sergi Lapuerta.<\/p>\n<p>Ells i elles s\u00f3n els aut\u00e8ntics responsables de la imatge gr\u00e0fica i pot\u00e8ncia emocional que proven de transmetre els dos contes.<\/p>\n<p>De cara al documental, hem tingut la sort de muntar r\u00e0pidament\u00a0un petit equip de col\u00b7laboradors de qualitat i d&#8217;experi\u00e8ncia considerable, que s&#8217;han mostrat a m\u00e9s molt interessats en el projecte: en Gerard Bar\u00f3 al v\u00eddeo, en Manel Guerrero per a la m\u00fasica, i en Craig Caputo per a les traduccions (intentarem generar el v\u00eddeo del documental en diversos idiomes, un ser\u00e0 per descomptat l&#8217;angl\u00e8s).<\/p>\n<p>Aqu\u00ed podeu con\u00e8ixer millor qui som, com som, i a qu\u00e8 ens dediquem.<\/p>\n<div class=\"su-accordion su-u-trim\"><div class=\"su-spoiler su-spoiler-style-default su-spoiler-icon-plus su-spoiler-closed\" data-scroll-offset=\"0\" data-anchor-in-url=\"no\"><div class=\"su-spoiler-title\" tabindex=\"0\" role=\"button\"><span class=\"su-spoiler-icon\"><\/span>Sergio Mart\u00edn - Autor<\/div><div class=\"su-spoiler-content su-u-clearfix su-u-trim\">\n<h5><img loading=\"lazy\" class=\"size-full wp-image-23 alignnone\" src=\"http:\/\/superherois.cat\/wp-content\/uploads\/2016\/06\/Sergio-Mart\u00edn.jpg\" alt=\"Sergio Mart\u00edn\" width=\"300\" height=\"300\" srcset=\"https:\/\/superherois.cat\/wp-content\/uploads\/2016\/06\/Sergio-Mart\u00edn.jpg 300w, https:\/\/superherois.cat\/wp-content\/uploads\/2016\/06\/Sergio-Mart\u00edn-150x150.jpg 150w\" sizes=\"(max-width: 300px) 100vw, 300px\" \/><\/h5>\n<p>Psic\u00f2leg de la xarxa de CDIAPs de Catalunya. Consulta privada a Sabadell (<a href=\"http:\/\/www.psicologiaclinicasabadell.es\" target=\"_blank\" rel=\"noopener\">www.psicologiaclinicasabadell.es<\/a>). Psicoterapeuta format a la Universitat de Barcelona (UB) i a la Fundaci\u00f3 Vidal i Barraquer (FViB). T\u00e9 m\u00e9s de deu anys d&#8217;experi\u00e8ncia cl\u00ednica. Ha publicat en diverses revistes especialitzades (www.desenvolupa.net, Revista de la SEPYPNA, Psicopatologia y Salud Mental del Ni\u00f1o y del Adolescente&#8230;) Diverses experi\u00e8ncies en autoedici\u00f3 i autopublicaci\u00f3.<\/p>\n<p>E-mail de contacte:\u00a0<a href=\"mailto:smt.sergio@gmail.com\">smt.sergio@gmail.com<\/a><\/p>\n<\/div><\/div> <div class=\"su-spoiler su-spoiler-style-default su-spoiler-icon-plus su-spoiler-closed\" data-scroll-offset=\"0\" data-anchor-in-url=\"no\"><div class=\"su-spoiler-title\" tabindex=\"0\" role=\"button\"><span class=\"su-spoiler-icon\"><\/span>Lourdes Rius - Autora<\/div><div class=\"su-spoiler-content su-u-clearfix su-u-trim\">\n<h5><img loading=\"lazy\" class=\"alignnone size-full wp-image-22\" src=\"http:\/\/superherois.cat\/wp-content\/uploads\/2016\/06\/Lourdes-Rius.jpg\" alt=\"Lourdes Rius\" width=\"300\" height=\"300\" srcset=\"https:\/\/superherois.cat\/wp-content\/uploads\/2016\/06\/Lourdes-Rius.jpg 300w, https:\/\/superherois.cat\/wp-content\/uploads\/2016\/06\/Lourdes-Rius-150x150.jpg 150w\" sizes=\"(max-width: 300px) 100vw, 300px\" \/><\/h5>\n<p>Psic\u00f2loga de la xarxa de CDIAPs de Catalunya. Consulta privada a Barcelona. S&#8217;ha format a la Universitat de Barcelona (UB) i a la Fundaci\u00f3 Eul\u00e0lia Torras de Be\u00e0 (FETB). T\u00e9 m\u00e9s de 10 anys d&#8217;experi\u00e8ncia cl\u00ednica.<\/p>\n<p>E-mail de contacte: <a href=\"mailto:lourdesrius@hotmail.com\">lourdesrius@hotmail.com<\/a><\/p>\n<\/div><\/div> <div class=\"su-spoiler su-spoiler-style-default su-spoiler-icon-plus su-spoiler-closed\" data-scroll-offset=\"0\" data-anchor-in-url=\"no\"><div class=\"su-spoiler-title\" tabindex=\"0\" role=\"button\"><span class=\"su-spoiler-icon\"><\/span>Eduard Blanch - Il\u00b7lustrador<\/div><div class=\"su-spoiler-content su-u-clearfix su-u-trim\">\n<h5><img loading=\"lazy\" class=\"alignnone size-full wp-image-21\" src=\"http:\/\/superherois.cat\/wp-content\/uploads\/2016\/06\/Eduard-Blanch.jpg\" alt=\"Eduard Blanch\" width=\"300\" height=\"300\" srcset=\"https:\/\/superherois.cat\/wp-content\/uploads\/2016\/06\/Eduard-Blanch.jpg 300w, https:\/\/superherois.cat\/wp-content\/uploads\/2016\/06\/Eduard-Blanch-150x150.jpg 150w\" sizes=\"(max-width: 300px) 100vw, 300px\" \/><\/h5>\n<p>Des de l\u2019any 1999 es\u00a0dedica al disseny i a les arts visuals. Va estudiar Arts Aplicades a l\u2019escola Llotja de Barcelona, especialitzant-se en il\u00b7lustraci\u00f3, i va complementar la seva formaci\u00f3 amb diversos cursos de disseny (online i offline), maquetaci\u00f3\u00a0i multim\u00e8dia a les Escoles Professionals Salessianes de Sarri\u00e0, al Centre de Formaci\u00f3 La Violeta i al CIFO d\u2019Hospitalet.<\/p>\n<p>M\u00e9s informaci\u00f3:\u00a0<a href=\"http:\/\/www.edublanch.com\" target=\"_blank\" rel=\"noopener\">www.edublanch.com<\/a><\/p>\n<p>E-mail de contacte: <a href=\"mailto:info@edublanch.com\">info@edublanch.com<\/a><\/p>\n<\/div><\/div> <div class=\"su-spoiler su-spoiler-style-default su-spoiler-icon-plus su-spoiler-closed\" data-scroll-offset=\"0\" data-anchor-in-url=\"no\"><div class=\"su-spoiler-title\" tabindex=\"0\" role=\"button\"><span class=\"su-spoiler-icon\"><\/span>\u00d2scar Sarramia - Il\u00b7lustrador i Director Art\u00edstic<\/div><div class=\"su-spoiler-content su-u-clearfix su-u-trim\">\n<h5>\u00a0<img loading=\"lazy\" class=\"alignnone size-full wp-image-222\" src=\"http:\/\/superherois.cat\/wp-content\/uploads\/2016\/12\/Oscar_Sarramia-D.jpg\" alt=\"oscar_sarramia-d\" width=\"300\" height=\"300\" srcset=\"https:\/\/superherois.cat\/wp-content\/uploads\/2016\/12\/Oscar_Sarramia-D.jpg 300w, https:\/\/superherois.cat\/wp-content\/uploads\/2016\/12\/Oscar_Sarramia-D-150x150.jpg 150w\" sizes=\"(max-width: 300px) 100vw, 300px\" \/><\/h5>\n<p>Des de fa diversos anys treballa en dos vessants art\u00edstiques paral\u00b7leles: la il\u00b7lustraci\u00f3 per a diferents diaris i revistes, il\u00b7lustraci\u00f3 infantil \/ juvenil i publicit\u00e0ria. La segona vessant \u00e9s en el terreny dels dibuixos animats.<\/p>\n<p>\u00c9s el creador de la s\u00e8rie &#8220;Horaci l&#8217;inuit&#8221; de TV3 i ha treballat en diverses s\u00e8ries, pel\u00b7l\u00edcules i anuncis diversos des del 98. Opina que poder transmetre mitjan\u00e7ant la doc\u00e8ncia l&#8217;experi\u00e8ncia \u00e9s collonut.<\/p>\n<p>E-mail de contacte:\u00a0<a href=\"mailto:oscarsarramia@gmail.com\">oscarsarramia@gmail.com<\/a><\/p>\n<p>Web:\u00a0<a href=\"http:\/\/www.oscarsarramia.com\">www.oscarsarramia.com<\/a><\/p>\n<\/div><\/div> <div class=\"su-spoiler su-spoiler-style-default su-spoiler-icon-plus su-spoiler-closed\" data-scroll-offset=\"0\" data-anchor-in-url=\"no\"><div class=\"su-spoiler-title\" tabindex=\"0\" role=\"button\"><span class=\"su-spoiler-icon\"><\/span>Alicia Rodr\u00edguez - Il\u00b7lustradora<\/div><div class=\"su-spoiler-content su-u-clearfix su-u-trim\">\n<h5><img loading=\"lazy\" class=\"alignnone size-full wp-image-219\" src=\"http:\/\/superherois.cat\/wp-content\/uploads\/2016\/12\/Alicia_Rodr\u00edguez.jpg\" alt=\"alicia_rodriguez\" width=\"300\" height=\"300\" srcset=\"https:\/\/superherois.cat\/wp-content\/uploads\/2016\/12\/Alicia_Rodr\u00edguez.jpg 300w, https:\/\/superherois.cat\/wp-content\/uploads\/2016\/12\/Alicia_Rodr\u00edguez-150x150.jpg 150w\" sizes=\"(max-width: 300px) 100vw, 300px\" \/><\/h5>\n<p>Alumne del segon curs del Cicle de Grau Superior d&#8217;Il\u00b7lustraci\u00f3 de l&#8217;<em>Escola d&#8217;ART La Industrial<\/em>\u00a0de Barcelona.<\/p>\n<\/div><\/div> <div class=\"su-spoiler su-spoiler-style-default su-spoiler-icon-plus su-spoiler-closed\" data-scroll-offset=\"0\" data-anchor-in-url=\"no\"><div class=\"su-spoiler-title\" tabindex=\"0\" role=\"button\"><span class=\"su-spoiler-icon\"><\/span>Laura P\u00e9rez - Il\u00b7lustradora<\/div><div class=\"su-spoiler-content su-u-clearfix su-u-trim\">\n<h5><img loading=\"lazy\" class=\"alignnone size-full wp-image-220\" src=\"http:\/\/superherois.cat\/wp-content\/uploads\/2016\/12\/Laura_P\u00e9rez.jpg\" alt=\"laura_perez\" width=\"300\" height=\"300\" srcset=\"https:\/\/superherois.cat\/wp-content\/uploads\/2016\/12\/Laura_P\u00e9rez.jpg 300w, https:\/\/superherois.cat\/wp-content\/uploads\/2016\/12\/Laura_P\u00e9rez-150x150.jpg 150w\" sizes=\"(max-width: 300px) 100vw, 300px\" \/><\/h5>\n<p>Alumne del segon curs del Cicle de Grau Superior d&#8217;Il\u00b7lustraci\u00f3 de l&#8217;<em>Escola d&#8217;ART La Industrial<\/em>\u00a0de Barcelona.<\/p>\n<\/div><\/div> <div class=\"su-spoiler su-spoiler-style-default su-spoiler-icon-plus su-spoiler-closed\" data-scroll-offset=\"0\" data-anchor-in-url=\"no\"><div class=\"su-spoiler-title\" tabindex=\"0\" role=\"button\"><span class=\"su-spoiler-icon\"><\/span>Marina Luque - Il\u00b7lustradora<\/div><div class=\"su-spoiler-content su-u-clearfix su-u-trim\">\n<h5><img loading=\"lazy\" class=\"alignnone size-full wp-image-221\" src=\"http:\/\/superherois.cat\/wp-content\/uploads\/2016\/12\/Marina_Luque.jpg\" alt=\"marina_luque\" width=\"300\" height=\"300\" srcset=\"https:\/\/superherois.cat\/wp-content\/uploads\/2016\/12\/Marina_Luque.jpg 300w, https:\/\/superherois.cat\/wp-content\/uploads\/2016\/12\/Marina_Luque-150x150.jpg 150w\" sizes=\"(max-width: 300px) 100vw, 300px\" \/><\/h5>\n<p>Alumne del segon curs del Cicle de Grau Superior d&#8217;Il\u00b7lustraci\u00f3 de l&#8217;<em>Escola d&#8217;ART La Industrial<\/em>\u00a0de Barcelona.<\/p>\n<\/div><\/div> <div class=\"su-spoiler su-spoiler-style-default su-spoiler-icon-plus su-spoiler-closed\" data-scroll-offset=\"0\" data-anchor-in-url=\"no\"><div class=\"su-spoiler-title\" tabindex=\"0\" role=\"button\"><span class=\"su-spoiler-icon\"><\/span>Raquel Galobart - Il\u00b7lustradora<\/div><div class=\"su-spoiler-content su-u-clearfix su-u-trim\">\n<h5><img loading=\"lazy\" class=\"alignnone size-full wp-image-223\" src=\"http:\/\/superherois.cat\/wp-content\/uploads\/2016\/12\/Raquel_Galobart.jpg\" alt=\"raquel_galobart\" width=\"300\" height=\"300\" srcset=\"https:\/\/superherois.cat\/wp-content\/uploads\/2016\/12\/Raquel_Galobart.jpg 300w, https:\/\/superherois.cat\/wp-content\/uploads\/2016\/12\/Raquel_Galobart-150x150.jpg 150w\" sizes=\"(max-width: 300px) 100vw, 300px\" \/><\/h5>\n<p>Alumne del segon curs del Cicle de Grau Superior d&#8217;Il\u00b7lustraci\u00f3 de l&#8217;<em>Escola d&#8217;ART La Industrial<\/em>\u00a0de Barcelona.<\/p>\n<\/div><\/div> <div class=\"su-spoiler su-spoiler-style-default su-spoiler-icon-plus su-spoiler-closed\" data-scroll-offset=\"0\" data-anchor-in-url=\"no\"><div class=\"su-spoiler-title\" tabindex=\"0\" role=\"button\"><span class=\"su-spoiler-icon\"><\/span>Sergi Lapuerta - Il\u00b7lustradora<\/div><div class=\"su-spoiler-content su-u-clearfix su-u-trim\">\n<h5><img loading=\"lazy\" class=\"alignnone size-full wp-image-224\" src=\"http:\/\/superherois.cat\/wp-content\/uploads\/2016\/12\/Sergi_Lapuerta.jpg\" alt=\"sergi_lapuerta\" width=\"300\" height=\"300\" srcset=\"https:\/\/superherois.cat\/wp-content\/uploads\/2016\/12\/Sergi_Lapuerta.jpg 300w, https:\/\/superherois.cat\/wp-content\/uploads\/2016\/12\/Sergi_Lapuerta-150x150.jpg 150w\" sizes=\"(max-width: 300px) 100vw, 300px\" \/><\/h5>\n<p>Alumne del segon curs del Cicle de Grau Superior d&#8217;Il\u00b7lustraci\u00f3 de l&#8217;<em>Escola d&#8217;ART La Industrial<\/em>\u00a0de Barcelona.<\/p>\n<\/div><\/div> <div class=\"su-spoiler su-spoiler-style-default su-spoiler-icon-plus su-spoiler-closed\" data-scroll-offset=\"0\" data-anchor-in-url=\"no\"><div class=\"su-spoiler-title\" tabindex=\"0\" role=\"button\"><span class=\"su-spoiler-icon\"><\/span>Cristina P\u00e9rez - Il\u00b7lustradora<\/div><div class=\"su-spoiler-content su-u-clearfix su-u-trim\">\n<h5><img loading=\"lazy\" class=\"alignnone size-full wp-image-20\" src=\"http:\/\/superherois.cat\/wp-content\/uploads\/2016\/06\/Cristina-P\u00e9rez.jpg\" alt=\"Cristina P\u00e9rez\" width=\"300\" height=\"300\" srcset=\"https:\/\/superherois.cat\/wp-content\/uploads\/2016\/06\/Cristina-P\u00e9rez.jpg 300w, https:\/\/superherois.cat\/wp-content\/uploads\/2016\/06\/Cristina-P\u00e9rez-150x150.jpg 150w\" sizes=\"(max-width: 300px) 100vw, 300px\" \/><\/h5>\n<p>Logopeda infantil dins l&#8217;\u00e0mbit de l&#8217;Atenci\u00f3 Preco\u00e7 i l&#8217;escola ordin\u00e0ria. Durant els anys de formaci\u00f3 universit\u00e0ria va realitzar feines relacionades amb la inf\u00e0ncia (auxiliar d&#8217;escola infantil, monitora d&#8217;esplai). Experi\u00e8ncia continuada com a pintora i dibuixant. Ha realitzat diverses col\u00b7leccions d&#8217;il\u00b7lustracions infantils. Ens va ajudar amb l&#8217;organitzaci\u00f3 inicial del projecte i els primers esbossos per la Marina. Gr\u00e0cies Cristina!<\/p>\n<p>E-mail de contacte:\u00a0<a href=\"mailto:cristinaperezbellavista@hotmail.com\">cristinaperezbellavista@hotmail.com<\/a><\/p>\n<\/div><\/div><\/div>\n<p>Tot i que encararem la realitzaci\u00f3 del documental en una fase posterior, ja estem reunint part de l&#8217;equip que col\u00b7laborar\u00e0 amb nosaltres. Aqu\u00ed els teniu:<\/p>\n<div class=\"su-accordion su-u-trim\"> <div class=\"su-spoiler su-spoiler-style-default su-spoiler-icon-plus su-spoiler-closed\" data-scroll-offset=\"0\" data-anchor-in-url=\"no\"><div class=\"su-spoiler-title\" tabindex=\"0\" role=\"button\"><span class=\"su-spoiler-icon\"><\/span>Gerard Bar\u00f3 - Realitzador Audiovisual<\/div><div class=\"su-spoiler-content su-u-clearfix su-u-trim\">\n<p><img loading=\"lazy\" class=\"alignnone size-full wp-image-180\" src=\"http:\/\/superherois.cat\/wp-content\/uploads\/2016\/09\/Gerard-Bar\u00f3.jpg\" alt=\"gerard-baro\" width=\"300\" height=\"300\" srcset=\"https:\/\/superherois.cat\/wp-content\/uploads\/2016\/09\/Gerard-Bar\u00f3.jpg 300w, https:\/\/superherois.cat\/wp-content\/uploads\/2016\/09\/Gerard-Bar\u00f3-150x150.jpg 150w\" sizes=\"(max-width: 300px) 100vw, 300px\" \/><\/p>\n<p>Realitzador audiovisual. Es va formar\u00a0a ESCAC (Escola Superior de Cinema i Audiovisuals de Catalunya). Ha participat en\u00a0projectes per la Cadena SER, la Generalitat de Catalunya, Delaf\u00e9 y las Flores Azules, els Premis Gaud\u00ed, i diversos documentals, making of, videoclips, etc.<\/p>\n<p>E-mail de contacte: <a href=\"mailto:gerard@gerardbaro.com\">gerard@gerardbaro.com<\/a><\/p>\n<p>M\u00e9s informaci\u00f3:\u00a0<a href=\"http:\/\/www.gerardbaro.com\/\">http:\/\/www.gerardbaro.com\/<\/a><\/p>\n<\/div><\/div> <div class=\"su-spoiler su-spoiler-style-default su-spoiler-icon-plus su-spoiler-closed\" data-scroll-offset=\"0\" data-anchor-in-url=\"no\"><div class=\"su-spoiler-title\" tabindex=\"0\" role=\"button\"><span class=\"su-spoiler-icon\"><\/span>Manel Guerrero - M\u00fasic<\/div><div class=\"su-spoiler-content su-u-clearfix su-u-trim\">\n<p><img loading=\"lazy\" class=\"alignnone size-full wp-image-181\" src=\"http:\/\/superherois.cat\/wp-content\/uploads\/2016\/09\/Manel-GL.jpg\" alt=\"manel-gl\" width=\"300\" height=\"300\" srcset=\"https:\/\/superherois.cat\/wp-content\/uploads\/2016\/09\/Manel-GL.jpg 300w, https:\/\/superherois.cat\/wp-content\/uploads\/2016\/09\/Manel-GL-150x150.jpg 150w\" sizes=\"(max-width: 300px) 100vw, 300px\" \/><\/p>\n<p>M\u00fasic professional. Cantautor. Ha participat en projectes i formacions com Malaventura, Btales, i Plastic Ono Man. Experi\u00e8ncia continuada com a productor i editor musical.\u00a0Recentment\u00a0ha publicat\u00a0el seu segon treball en solitari: &#8220;<a href=\"https:\/\/manelguerrero.bandcamp.com\/album\/comets\">Comets<\/a>&#8220;, que ve precedit de &#8220;<a href=\"https:\/\/manelguerrero.bandcamp.com\/album\/first\">First<\/a>&#8220;.<\/p>\n<p>E-mail de contacte:\u00a0<a href=\"mailto:manelgmusic@gmail.com\">manelgmusic@<span class=\"skimlinks-unlinked\">gmail.com<\/span><\/a><\/p>\n<p>M\u00e9s informaci\u00f3:\u00a0<a href=\"https:\/\/manelguerrero.com\">https:\/\/manelguerrero.com<\/a><\/p>\n<\/div><\/div> <div class=\"su-spoiler su-spoiler-style-default su-spoiler-icon-plus su-spoiler-closed\" data-scroll-offset=\"0\" data-anchor-in-url=\"no\"><div class=\"su-spoiler-title\" tabindex=\"0\" role=\"button\"><span class=\"su-spoiler-icon\"><\/span>Craig Robert Caputo - Traductor<\/div><div class=\"su-spoiler-content su-u-clearfix su-u-trim\">\n<p><img loading=\"lazy\" class=\"alignnone size-full wp-image-186\" src=\"http:\/\/superherois.cat\/wp-content\/uploads\/2016\/09\/Craig-Robert-Caputo.jpg\" alt=\"craig-robert-caputo\" width=\"300\" height=\"300\" srcset=\"https:\/\/superherois.cat\/wp-content\/uploads\/2016\/09\/Craig-Robert-Caputo.jpg 300w, https:\/\/superherois.cat\/wp-content\/uploads\/2016\/09\/Craig-Robert-Caputo-150x150.jpg 150w\" sizes=\"(max-width: 300px) 100vw, 300px\" \/><\/p>\n<p>Psic\u00f2leg de la Xarxa de CDIAPs de Catalunya. Angl\u00e8s com a llengua materna. Col\u00b7labora com a traductor en diversos articles per a revistes especialitzades. S&#8217;ha format a la Universitat de Virginia a EEUU,\u00a0a la Fundaci\u00f3 Eul\u00e0lia Torras de Be\u00e0 (FETB), i a l&#8217;Associaci\u00f3 Catalana de Psicoter\u00e0pia (ACPP).<\/p>\n<\/div><\/div> <div class=\"su-spoiler su-spoiler-style-default su-spoiler-icon-plus su-spoiler-closed\" data-scroll-offset=\"0\" data-anchor-in-url=\"no\"><div class=\"su-spoiler-title\" tabindex=\"0\" role=\"button\"><span class=\"su-spoiler-icon\"><\/span>Sabina Segarra - Entrevistadora<\/div><div class=\"su-spoiler-content su-u-clearfix su-u-trim\">\n<p><img loading=\"lazy\" class=\"alignnone size-full wp-image-238\" src=\"http:\/\/superherois.cat\/wp-content\/uploads\/2016\/12\/Sabina-Segarra.jpg\" alt=\"sabina-segarra\" width=\"300\" height=\"300\" srcset=\"https:\/\/superherois.cat\/wp-content\/uploads\/2016\/12\/Sabina-Segarra.jpg 300w, https:\/\/superherois.cat\/wp-content\/uploads\/2016\/12\/Sabina-Segarra-150x150.jpg 150w\" sizes=\"(max-width: 300px) 100vw, 300px\" \/><\/p>\n<p>Psic\u00f2loga de la xarxa de CDIAPs de Catalunya. Psicoterapeuta formada a la Universitat de Barcelona (UB) i a la Fundaci\u00f3 Vidal i Barraquer (FViB). T\u00e9 m\u00e9s de deu anys d&#8217;experi\u00e8ncia cl\u00ednica.\u00a0Hem col\u00b7laborat en diversos projectes conjuntament, sempre amb grans resultats i experi\u00e8ncia compartida.<\/p>\n<\/div><\/div><\/div>\n<p><iframe loading=\"lazy\" src=\"\/\/www.goteo.org\/widget\/project\/superherois\" width=\"250px\" height=\"480px\" frameborder=\"0\" scrolling=\"no\"><\/iframe><br \/>\n<script>\/\/ <![CDATA[\n  (function(i,s,o,g,r,a,m){i['GoogleAnalyticsObject']=r;i[r]=i[r]||function(){\n  (i[r].q=i[r].q||[]).push(arguments)},i[r].l=1*new Date();a=s.createElement(o),\n  m=s.getElementsByTagName(o)[0];a.async=1;a.src=g;m.parentNode.insertBefore(a,m)\n  })(window,document,'script','https:\/\/www.google-analytics.com\/analytics.js','ga');\n\n  ga('create', 'UA-90002971-1', 'auto');\n  ga('send', 'pageview');\n\/\/ ]]><\/script><\/p>\n","protected":false},"excerpt":{"rendered":"<p>El projecte &#8220;Superherois&#8221; el vam iniciar\u00a0entre la Lourdes Rius i en Sergio Mart\u00edn. Som els organitzadors del projecte, els autors dels guions dels contes, els guionistes i entrevistadors del documental, els constructors de la web, els activadors de la iniciativa de crowdfunding, els encarregats de la distribuci\u00f3 i l&#8217;edici\u00f3 posterior, els captadors de col\u00b7laboradors i [&hellip;]<\/p>\n","protected":false},"author":1,"featured_media":0,"parent":0,"menu_order":3,"comment_status":"closed","ping_status":"closed","template":"","meta":[],"_links":{"self":[{"href":"https:\/\/superherois.cat\/en\/wp-json\/wp\/v2\/pages\/9"}],"collection":[{"href":"https:\/\/superherois.cat\/en\/wp-json\/wp\/v2\/pages"}],"about":[{"href":"https:\/\/superherois.cat\/en\/wp-json\/wp\/v2\/types\/page"}],"author":[{"embeddable":true,"href":"https:\/\/superherois.cat\/en\/wp-json\/wp\/v2\/users\/1"}],"replies":[{"embeddable":true,"href":"https:\/\/superherois.cat\/en\/wp-json\/wp\/v2\/comments?post=9"}],"version-history":[{"count":84,"href":"https:\/\/superherois.cat\/en\/wp-json\/wp\/v2\/pages\/9\/revisions"}],"predecessor-version":[{"id":1808,"href":"https:\/\/superherois.cat\/en\/wp-json\/wp\/v2\/pages\/9\/revisions\/1808"}],"wp:attachment":[{"href":"https:\/\/superherois.cat\/en\/wp-json\/wp\/v2\/media?parent=9"}],"curies":[{"name":"wp","href":"https:\/\/api.w.org\/{rel}","templated":true}]}}