{"id":12,"date":"2016-06-21T11:44:44","date_gmt":"2016-06-21T09:44:44","guid":{"rendered":"http:\/\/superherois.cat\/?page_id=12"},"modified":"2021-09-02T12:02:18","modified_gmt":"2021-09-02T10:02:18","slug":"el-projecte-superherois","status":"publish","type":"page","link":"https:\/\/superherois.cat\/es\/el-projecte-superherois\/","title":{"rendered":"El projecte \u00abSuperherois\u00bb"},"content":{"rendered":"<div class=\"su-accordion su-u-trim\"><div class=\"su-spoiler su-spoiler-style-default su-spoiler-icon-plus su-spoiler-closed\" data-scroll-offset=\"0\" data-anchor-in-url=\"no\"><div class=\"su-spoiler-title\" tabindex=\"0\" role=\"button\"><span class=\"su-spoiler-icon\"><\/span>Gener del 2017: Presentaci\u00f3<\/div><div class=\"su-spoiler-content su-u-clearfix su-u-trim\">\n<p>Hola a tots i totes!<\/p>\n<p>Per fi us presentem \u00abSuperherois\u00bb: un projecte destinat a elaborar, imprimir i difondre dos contes que versen sobre els Trastorns de l&#8217;Espectre Autista o TEA,<\/p>\n<p>Despr\u00e9s de molta feina, molt xerrar i moltes trobades, us presentem els nostres dos t\u00edtols:<\/p>\n<ul>\n<li>Conte n\u00fam. 1: \u00abEn Marc i els superherois\u00bb<\/li>\n<li>Conte n\u00fam. 2: \u00abLa Marina: una superhero\u00efna diferent\u00bb<\/li>\n<\/ul>\n<p>Aquest projecte neix del desig d&#8217;ajudar i de participar en iniciatives de marcada connotaci\u00f3\u00a0social.<\/p>\n<p>En\u00a0la nostra feina di\u00e0ria com a psic\u00f2legs de la xarxa de CDIAPs de Catalunya, en Sergio Mart\u00edn i la Lourdes Rius treballem sovint provant d&#8217;ajudar a nens i nenes que pateixen aquests greus trastorns del desenvolupament, i a\u00a0les seves fam\u00edlies.<\/p>\n<p>Sovint, hi ha pares i mares que ens demanen contes, refer\u00e8ncies de literatura infantil, per a llegir-los als seus fills i filles, als germans d&#8217;aquests, als cosins, als amics&#8230; \u00c9s per aix\u00f2 que, dins la nostra tasca en institucions p\u00fabliques, vam elaborar un llistat de contes disponibles sobre diverses tem\u00e0tiques relacionades amb l&#8217;Atenci\u00f3 Preco\u00e7.<\/p>\n<p>En la realitzaci\u00f3 d&#8217;aquesta tasca vam copsar que, tot i la gran qualitat d&#8217;alguns contes relacionats amb els TEA, hi mancaven dues perspectives important\u00edssimes: d&#8217;una banda, un conte centrat en els progenitors d&#8217;aquests nens i nenes i, de l&#8217;altra, un conte on\u00a0la protagonista fos una nena (gaireb\u00e9 tots els contes\u00a0que vam trobar eren protagonitzats per nens).<\/p>\n<p>Un cop establert aquest objectiu de fer dos contes centrats en aquestes dues perspectives absents, vam posar-nos en contacte amb els dos il\u00b7lustradors que han dut endavant el projecte, i que de seguida es van engrescar a formar part d&#8217;aquest repte. L&#8217;Eduard Blanch per il\u00b7lustrar en Marc, i l&#8217;\u00d2scar Sarramia\u00a0per il\u00b7lustrar la Marina.<\/p>\n<p>En el cas d&#8217;aquest segon conte, el de la Marina, l&#8217;\u00d2scar n&#8217;\u00e9s el Director Art\u00edstic, i tant ell com quatre alumnes seves del segon curs del Cicle de Grau Superior d&#8217;Il\u00b7lustraci\u00f3 de l&#8217;<em>Escola d&#8217;ART La Industrial<\/em>\u00a0en s\u00f3n els il\u00b7lustradors. Aquestes il\u00b7lustradores s\u00f3n l&#8217;Alicia Rodr\u00edguez, la Laura P\u00e9rez, la Marina Luque, la Raquel Galobart i en Sergi Lapuerta.<\/p>\n<p>El nostre objectiu principal \u00e9s, per descomptat, que aquests contes arribin a les fam\u00edlies.\u00a0<span style=\"line-height: 1.5;\">A\u00a0m\u00e9s de finalitzar-ne l&#8217;edici\u00f3 i la impressi\u00f3, i en funci\u00f3 de les possibilitats <\/span><span style=\"line-height: 1.5;\">econ\u00f2miques<\/span><span style=\"line-height: 1.5;\">, volem encarar una tasca de col\u00b7laboraci\u00f3 social: fer-los arribar a les principals institucions que treballen amb nens i nenes amb aquest tipus de trastorns del desenvolupament: CDIAPs (Centres de Desenvolupament Infantil i Atenci\u00f3 Preco\u00e7), CEEs (Centres d&#8217;Educaci\u00f3 Especial), CSMIJs (Centres de Salut Mental Infantil i Juvenil) i el teixit d&#8217;associacions de Catalunya.<\/span><\/p>\n<p>Actualment estem en la fase d&#8217;organitzaci\u00f3 del projecte. Tenim estructurats els guions de tots dos contes, i ja hem rebut\u00a0els esbossos \u00a0en qu\u00e8 es basaran les futures il\u00b7lustracions definitives. Us mantindrem informats del proc\u00e9s si us cliqueu a \u00abM&#8217;agrada\u00bb a la nostra <a href=\"https:\/\/www.facebook.com\/superheroisTEA\">Fan Page de Facebook<\/a>. Tamb\u00e9 ens podeu enviar el vostre e-mail a\u00a0<a href=\"mailto:superherois@superherois.cat\">superherois@superherois.cat<\/a><\/p>\n<p>Teniu ganes de con\u00e8ixer en Marc i la Marina? Aqu\u00ed els teniu:<\/p>\n<p>Aquest \u00e9s en Marc.<\/p>\n<p><img loading=\"lazy\" class=\"aligncenter wp-image-243 size-full\" src=\"http:\/\/superherois.cat\/wp-content\/uploads\/2016\/12\/Marc-Bocetos-DEF.jpg\" alt=\"marc-bocetos-def\" width=\"800\" height=\"300\" srcset=\"https:\/\/superherois.cat\/wp-content\/uploads\/2016\/12\/Marc-Bocetos-DEF.jpg 800w, https:\/\/superherois.cat\/wp-content\/uploads\/2016\/12\/Marc-Bocetos-DEF-300x113.jpg 300w, https:\/\/superherois.cat\/wp-content\/uploads\/2016\/12\/Marc-Bocetos-DEF-768x288.jpg 768w\" sizes=\"(max-width: 800px) 100vw, 800px\" \/><\/p>\n<p>I aquesta la Marina:<\/p>\n<p><img loading=\"lazy\" class=\"aligncenter wp-image-248 size-full\" src=\"http:\/\/superherois.cat\/wp-content\/uploads\/2016\/12\/Marina-Bocetos-DEF.jpg\" alt=\"marina-bocetos-def\" width=\"800\" height=\"300\" srcset=\"https:\/\/superherois.cat\/wp-content\/uploads\/2016\/12\/Marina-Bocetos-DEF.jpg 800w, https:\/\/superherois.cat\/wp-content\/uploads\/2016\/12\/Marina-Bocetos-DEF-300x113.jpg 300w, https:\/\/superherois.cat\/wp-content\/uploads\/2016\/12\/Marina-Bocetos-DEF-768x288.jpg 768w\" sizes=\"(max-width: 800px) 100vw, 800px\" \/><\/p>\n<p>&nbsp;<\/p>\n<p>En una fase posterior, un cop acabat aquests objectius inicials, i en funci\u00f3 dels resultats i l&#8217;experi\u00e8ncia compartida amb tots\/es vosaltres, ens agradaria organitzar un projecte posterior: \u00a0realitzar un\u00a0documental.<\/p>\n<p>La nostra idea inicial \u00e9s que es basi en les entrevistes realitzades als progenitors reals de nois i noies amb aquest tipus de dificultats. A trav\u00e9s de les seves experi\u00e8ncies, podrem entendre millor i apropar-nos d&#8217;una forma m\u00e9s directe al significat de\u00a0tenir cura d&#8217;un fill amb aquest tipus de dificultats. Aquestes persones, a les que en part dediquem aquest projecte, ens ajudaran aix\u00ed a construir i realitzar aquest curtmetratge documental.<\/p>\n<p>&nbsp;<\/p>\n<p>Gr\u00e0cies a tots per la vostra ajuda i atenci\u00f3!<\/p>\n<p>&nbsp;<\/p>\n<\/div><\/div> <div class=\"su-spoiler su-spoiler-style-default su-spoiler-icon-plus su-spoiler-closed\" data-scroll-offset=\"0\" data-anchor-in-url=\"no\"><div class=\"su-spoiler-title\" tabindex=\"0\" role=\"button\"><span class=\"su-spoiler-icon\"><\/span>Octubre del 2017: Publicaci\u00f3<\/div><div class=\"su-spoiler-content su-u-clearfix su-u-trim\">\n<p>Finalment, despr\u00e9s de molt esfor\u00e7 i molta il\u00b7lusi\u00f3, us podem confirmar que els nostres contes ja est\u00e1n sent impressos i que estaran en breu a la venta a la web de l&#8217;<a href=\"https:\/\/www.octaedro.com\">Editorial Octaedro<\/a>.<\/p>\n<p>Aqui teniu els enlla\u00e7os:<\/p>\n<h5><a href=\"https:\/\/www.octaedro.com\/es\/producto:Cos\/1\/aprender\/cuentos-infantiles\/ruben-y-los-superheroes\/1648\" target=\"_blank\" rel=\"noopener\">https:\/\/www.octaedro.com\/es\/producto:Cos\/1\/aprender\/cuentos-infantiles\/ruben-y-los-superheroes\/1648<\/a><\/h5>\n<h5><a href=\"https:\/\/www.octaedro.com\/es\/producto:Cos\/1\/aprender\/cuentos-infantiles\/marina--una-superheroina-distinta\/1649\" target=\"_blank\" rel=\"noopener\">https:\/\/www.octaedro.com\/es\/producto:Cos\/1\/aprender\/cuentos-infantiles\/marina&#8211;una-superheroina-distinta\/1649<\/a><\/h5>\n<h5><strong><a href=\"https:\/\/www.octaedro.com\/es\/producto:Cos\/1\/aprender\/cuentos-infantiles\/en-marc-i-els-superherois\/1650\" target=\"_blank\" rel=\"noopener\">https:\/\/www.octaedro.com\/es\/producto:Cos\/1\/aprender\/cuentos-infantiles\/en-marc-i-els-superherois\/1650<\/a><\/strong><\/h5>\n<h5><strong><a href=\"https:\/\/www.octaedro.com\/es\/producto:Cos\/1\/aprender\/cuentos-infantiles\/la-marina--una-superheroina-diferent\/1651\" target=\"_blank\" rel=\"noopener\">https:\/\/www.octaedro.com\/es\/producto:Cos\/1\/aprender\/cuentos-infantiles\/la-marina&#8211;una-superheroina-diferent\/1651<\/a><\/strong><\/h5>\n<p><span style=\"color: #ffffff;\">.<\/span><\/p>\n<p>Gr\u00e0cies a la Fundaci\u00f3 Eul\u00e0lia Torras de Be\u00e0, i a tots aquells que heu col\u00b7laborat amb el projecte, hem fet realitat el m\u00e0xim de les nostres aspiracions. Estem en cam\u00ed a rebre els exemplars que necessitem per a enviar-los als centres de Catalunya que treballen amb autisme, i en aquest sentit complir amb els nostres objectius i els nostres compromisos.<\/p>\n<p>Ens en sentim profundament agra\u00efts i orgullosos. De veritat, moltes gr\u00e0cies a tots i totes.<\/p>\n<p>&nbsp;<\/p>\n<p><img loading=\"lazy\" class=\"alignnone size-medium wp-image-354\" src=\"http:\/\/superherois.cat\/wp-content\/uploads\/2016\/06\/Mostra-01-300x300.jpg\" alt=\"Mostra 01\" width=\"300\" height=\"300\" srcset=\"https:\/\/superherois.cat\/wp-content\/uploads\/2016\/06\/Mostra-01-300x300.jpg 300w, https:\/\/superherois.cat\/wp-content\/uploads\/2016\/06\/Mostra-01-150x150.jpg 150w, https:\/\/superherois.cat\/wp-content\/uploads\/2016\/06\/Mostra-01.jpg 625w\" sizes=\"(max-width: 300px) 100vw, 300px\" \/><img loading=\"lazy\" class=\"alignnone size-medium wp-image-355\" src=\"http:\/\/superherois.cat\/wp-content\/uploads\/2016\/06\/Mostra-02-300x300.jpg\" alt=\"Mostra 02\" width=\"300\" height=\"300\" srcset=\"https:\/\/superherois.cat\/wp-content\/uploads\/2016\/06\/Mostra-02-300x300.jpg 300w, https:\/\/superherois.cat\/wp-content\/uploads\/2016\/06\/Mostra-02-150x150.jpg 150w, https:\/\/superherois.cat\/wp-content\/uploads\/2016\/06\/Mostra-02.jpg 625w\" sizes=\"(max-width: 300px) 100vw, 300px\" \/><\/p>\n<p>&nbsp;<\/p>\n<p>&nbsp;<\/p>\n<\/div><\/div><\/div>\n<span style=\"color: #ffffff;\">.<\/span><br \/>\n<span style=\"color: #ffffff;\"> .<\/span><br \/>\n<span style=\"color: #ffffff;\"> .<\/span><br \/>\n<span style=\"color: #ffffff;\"> .<\/span><br \/>\n<span style=\"color: #ffffff;\"> .<\/span><br \/>\n<span style=\"color: #ffffff;\"> .<\/span><br \/>\n<span style=\"color: #ffffff;\"> .<\/span><\/p>\n<p><iframe loading=\"lazy\" src=\"\/\/www.goteo.org\/widget\/project\/superherois\" width=\"250px\" height=\"480px\" frameborder=\"0\" scrolling=\"no\"><\/iframe><\/p>\n<p><script>\/\/ <![CDATA[\n(function(i,s,o,g,r,a,m){i['GoogleAnalyticsObject']=r;i[r]=i[r]||function(){ (i[r].q=i[r].q||[]).push(arguments)},i[r].l=1*new Date();a=s.createElement(o), m=s.getElementsByTagName(o)[0];a.async=1;a.src=g;m.parentNode.insertBefore(a,m) })(window,document,'script','https:\/\/www.google-analytics.com\/analytics.js','ga'); ga('create', 'UA-90002971-1', 'auto'); ga('send', 'pageview');\n\/\/ ]]><\/script><\/p>\n","protected":false},"excerpt":{"rendered":"<p>. . . . . . .<\/p>\n","protected":false},"author":1,"featured_media":0,"parent":0,"menu_order":1,"comment_status":"closed","ping_status":"closed","template":"","meta":[],"_links":{"self":[{"href":"https:\/\/superherois.cat\/es\/wp-json\/wp\/v2\/pages\/12"}],"collection":[{"href":"https:\/\/superherois.cat\/es\/wp-json\/wp\/v2\/pages"}],"about":[{"href":"https:\/\/superherois.cat\/es\/wp-json\/wp\/v2\/types\/page"}],"author":[{"embeddable":true,"href":"https:\/\/superherois.cat\/es\/wp-json\/wp\/v2\/users\/1"}],"replies":[{"embeddable":true,"href":"https:\/\/superherois.cat\/es\/wp-json\/wp\/v2\/comments?post=12"}],"version-history":[{"count":53,"href":"https:\/\/superherois.cat\/es\/wp-json\/wp\/v2\/pages\/12\/revisions"}],"predecessor-version":[{"id":1807,"href":"https:\/\/superherois.cat\/es\/wp-json\/wp\/v2\/pages\/12\/revisions\/1807"}],"wp:attachment":[{"href":"https:\/\/superherois.cat\/es\/wp-json\/wp\/v2\/media?parent=12"}],"curies":[{"name":"wp","href":"https:\/\/api.w.org\/{rel}","templated":true}]}}