{"id":303,"date":"2017-03-03T12:55:55","date_gmt":"2017-03-03T11:55:55","guid":{"rendered":"http:\/\/superherois.cat\/?page_id=303"},"modified":"2017-07-24T09:12:32","modified_gmt":"2017-07-24T07:12:32","slug":"agraiments","status":"publish","type":"page","link":"https:\/\/superherois.cat\/es\/agraiments\/","title":{"rendered":"Agra\u00efments"},"content":{"rendered":"<p>Moltes i moltes gr\u00e0cies a tots i totes, \u00e9s nom\u00e9s amb la vostra ajuda que assolirem els nostres objectius. Gr\u00e0cies per creure en el nostre projecte i confiar en les nostres il\u00b7lusions i esperances.<\/p>\n<p>Ens sentim m\u00e9s capa\u00e7os i realitzats nom\u00e9s amb aquest reconeixement que ens feu en forma d&#8217;ajuda. Ens sentim orgullosos en saber que ens feu costat, \u00a0i plens de responsabilitat per acomplir els nostres reptes.<\/p>\n<p>Gr\u00e0cies de part de tot l&#8217;equip del Projecte Superherois.<\/p>\n<p>&nbsp;<\/p>\n<p><span style=\"text-decoration: underline;\">Empreses i Fundacions Col\u00b7laboradores:<\/span><\/p>\n<p>Fundaci\u00f3 Eul\u00e0lia Torras de Be\u00e0<\/p>\n<p><img loading=\"lazy\" class=\"alignnone size-medium wp-image-312\" src=\"http:\/\/superherois.cat\/wp-content\/uploads\/2017\/03\/logo-fetb-300x72.jpg\" alt=\"logo fetb\" width=\"300\" height=\"72\" srcset=\"https:\/\/superherois.cat\/wp-content\/uploads\/2017\/03\/logo-fetb-300x72.jpg 300w, https:\/\/superherois.cat\/wp-content\/uploads\/2017\/03\/logo-fetb.jpg 500w\" sizes=\"(max-width: 300px) 100vw, 300px\" \/><\/p>\n<p>Centre Educatiu i Terap\u00e8utic Carrilet<\/p>\n<p><img loading=\"lazy\" class=\"alignnone wp-image-325\" src=\"http:\/\/superherois.cat\/wp-content\/uploads\/2017\/04\/carrilet-02.gif\" alt=\"carrilet 02\" width=\"220\" height=\"104\" \/><\/p>\n<p>Fundaci\u00f3 el Maresme<\/p>\n<p><img loading=\"lazy\" class=\"alignnone wp-image-326\" src=\"http:\/\/superherois.cat\/wp-content\/uploads\/2017\/04\/Fundacio-maresme-logo-300x105.png\" alt=\"Fundacio maresme logo\" width=\"184\" height=\"64\" srcset=\"https:\/\/superherois.cat\/wp-content\/uploads\/2017\/04\/Fundacio-maresme-logo-300x105.png 300w, https:\/\/superherois.cat\/wp-content\/uploads\/2017\/04\/Fundacio-maresme-logo-768x268.png 768w, https:\/\/superherois.cat\/wp-content\/uploads\/2017\/04\/Fundacio-maresme-logo-1024x357.png 1024w\" sizes=\"(max-width: 184px) 100vw, 184px\" \/><\/p>\n<p>&nbsp;<\/p>\n<p><span style=\"text-decoration: underline;\">Entre altres, algunes de les persones que han col\u00b7laborat:<\/span><\/p>\n<p>Irma Mart\u00edn i Marc Millat<\/p>\n<p>Marta Galvan Manso<\/p>\n<p>Pablo Burguete i Paqui Parra<\/p>\n<p>Lluis \u00a0D\u00edaz i Sunsi Seg\u00fa<\/p>\n<p>Maria Jos\u00e9 Tarras\u00f3n<\/p>\n<p>Montserrat Tarras\u00f3n i Camerino Yugueros<\/p>\n<p>Gl\u00f2ria Zegr\u00ed<\/p>\n<p>Dani Yugueros<\/p>\n<p>Lluis Yugueros<\/p>\n<p>Carmen Ortiz<\/p>\n<p>Rosa Serrano<\/p>\n<p>Jordi Ribas i Merc\u00e9 Alabarce<\/p>\n<p>Ana Costa<\/p>\n<p>Montserrat Nebot<\/p>\n<p>Anna Marques<\/p>\n<p>Maria Jos\u00e9 Fern\u00e1ndez<\/p>\n<p>Noem\u00ed \u00a0Guillaumet<\/p>\n<p>Irene Rufach<\/p>\n<p>Consol Tarrag\u00f3<\/p>\n<p>Mireia Escard\u00edbul<\/p>\n<p>Pablo Blanco<\/p>\n<p>Anna Planas<\/p>\n<p>Ra\u00fcl<\/p>\n<p>Josep Caixach<\/p>\n<p>Anna SdTC<\/p>\n<p>Manuela Rodr\u00edguez Lerma<\/p>\n<p>Irene Aspas Tarraz\u00f3n<\/p>\n<p>Pepe Sari\u00f3 Peruga<\/p>\n<p>\u00c1ngel Rodr\u00edguez Lerma<\/p>\n<p>Roberto Cava Fern\u00e1ndez<\/p>\n<p>V\u00edctor Ad\u00e9 Guardiola<\/p>\n<p>Marta Areny<\/p>\n<p>Ll\u00facia Viloca<\/p>\n<p>Delmar<\/p>\n<p>N\u00e9stor Aparicio Mart\u00edn<\/p>\n<p>Noelia Muriel L\u00f3pez<\/p>\n<p>Laia Serras<\/p>\n<p>Maria Jos\u00e9 Gonz\u00e1lez<\/p>\n<p>Manel Guerrero L\u00f3pez<\/p>\n<p>Vicente Mart\u00ednez Grimaldos<\/p>\n<p>Myriam Garc\u00eda<\/p>\n<p>N\u00faria Be\u00e0<\/p>\n<p>Nora P\u00e9rez Edo<\/p>\n<p>Alfonso Quintana Poza<\/p>\n<p>Fam\u00edlia P\u00e9rez Perram\u00f3n<\/p>\n<p>M\u00fasics i assistents al concert solidari del dia 2\/6\/17<\/p>\n<p>&nbsp;<\/p>\n<p>&nbsp;<\/p>\n<p>&nbsp;<\/p>\n<p><iframe loading=\"lazy\" src=\"\/\/www.goteo.org\/widget\/project\/superherois\" width=\"250px\" height=\"480px\" frameborder=\"0\" scrolling=\"no\"><\/iframe><br \/>\n<script>\/\/ <![CDATA[\n(function(i,s,o,g,r,a,m){i['GoogleAnalyticsObject']=r;i[r]=i[r]||function(){ (i[r].q=i[r].q||[]).push(arguments)},i[r].l=1*new Date();a=s.createElement(o), m=s.getElementsByTagName(o)[0];a.async=1;a.src=g;m.parentNode.insertBefore(a,m) })(window,document,'script','https:\/\/www.google-analytics.com\/analytics.js','ga'); ga('create', 'UA-90002971-1', 'auto'); ga('send', 'pageview');\n\/\/ ]]><\/script><\/p>\n","protected":false},"excerpt":{"rendered":"<p>Moltes i moltes gr\u00e0cies a tots i totes, \u00e9s nom\u00e9s amb la vostra ajuda que assolirem els nostres objectius. Gr\u00e0cies per creure en el nostre projecte i confiar en les nostres il\u00b7lusions i esperances. Ens sentim m\u00e9s capa\u00e7os i realitzats nom\u00e9s amb aquest reconeixement que ens feu en forma d&#8217;ajuda. Ens sentim orgullosos en saber [&hellip;]<\/p>\n","protected":false},"author":1,"featured_media":0,"parent":0,"menu_order":6,"comment_status":"closed","ping_status":"closed","template":"","meta":[],"_links":{"self":[{"href":"https:\/\/superherois.cat\/es\/wp-json\/wp\/v2\/pages\/303"}],"collection":[{"href":"https:\/\/superherois.cat\/es\/wp-json\/wp\/v2\/pages"}],"about":[{"href":"https:\/\/superherois.cat\/es\/wp-json\/wp\/v2\/types\/page"}],"author":[{"embeddable":true,"href":"https:\/\/superherois.cat\/es\/wp-json\/wp\/v2\/users\/1"}],"replies":[{"embeddable":true,"href":"https:\/\/superherois.cat\/es\/wp-json\/wp\/v2\/comments?post=303"}],"version-history":[{"count":17,"href":"https:\/\/superherois.cat\/es\/wp-json\/wp\/v2\/pages\/303\/revisions"}],"predecessor-version":[{"id":342,"href":"https:\/\/superherois.cat\/es\/wp-json\/wp\/v2\/pages\/303\/revisions\/342"}],"wp:attachment":[{"href":"https:\/\/superherois.cat\/es\/wp-json\/wp\/v2\/media?parent=303"}],"curies":[{"name":"wp","href":"https:\/\/api.w.org\/{rel}","templated":true}]}}